{"id":84,"date":"2017-06-09T04:11:57","date_gmt":"2017-06-09T04:11:57","guid":{"rendered":"http:\/\/localhost\/construct\/?page_id=84"},"modified":"2019-01-24T16:48:17","modified_gmt":"2019-01-24T13:48:17","slug":"iletisim","status":"publish","type":"page","link":"https:\/\/www.idealmalimusavirlik.com\/?page_id=84","title":{"rendered":"\u0130leti\u015fim"},"content":{"rendered":"<div class=\"wpb-content-wrapper\"><p>[vc_row css=\u201d.vc_custom_1496982231607{padding-top: 80px !important;padding-bottom: 50px !important;}\u201d][vc_column][vc_gmaps link=\u201d#E-8_JTNDaWZyYW1lJTIwc3JjJTNEJTIyaHR0cHMlM0ElMkYlMkZ3d3cuZ29vZ2xlLmNvbSUyRm1hcHMlMkZlbWJlZCUzRnBiJTNEJTIxMW0xOCUyMTFtMTIlMjExbTMlMjExZDMwMTguNDI5OTExNTA3NDEyMyUyMTJkMzEuMTQwNzgzMjE1NDA4OTI3JTIxM2Q0MC44NDA0ODQwNzkzMTc5OSUyMTJtMyUyMTFmMCUyMTJmMCUyMTNmMCUyMTNtMiUyMTFpMTAyNCUyMTJpNzY4JTIxNGYxMy4xJTIxM20zJTIxMW0yJTIxMXMweDAlMjUzQTB4YzIwNTJhNjI1ODY3ZjNhYyUyMTJ6eExCa1pXRnNJRTFoYkdrZ1RjTzh4WjloZG1seWJHbHJJSFpsSUVSaGJzU3h4Wjl0WVc1c3hMRnJJRUV1eFo0dSUyMTVlMCUyMTNtMiUyMTFzdHIlMjEyc3RyJTIxNHYxNTQ4MzM2MzA2NDEzJTIyJTIwd2lkdGglM0QlMjIxMDAlMjUlMjIlMjBoZWlnaHQlM0QlMjI0NTAlMjIlMjBmcmFtZWJvcmRlciUzRCUyMjAlMjIlMjBzdHlsZSUzRCUyMmJvcmRlciUzQTAlMjIlMjBhbGxvd2Z1bGxzY3JlZW4lM0UlM0MlMkZpZnJhbWUlM0U=\u201d css=\u201d.vc_custom_1548336371037{margin-bottom: 0px !important;}\u201d][\/vc_column][\/vc_row][vc_row css=\u201d.vc_custom_1496982392950{padding-bottom: 80px !important;}\u201d][vc_column width=\u201d1\/3\u2033][vc_custom_heading text=\u201dADRES B\u0130LG\u0130LER\u0130M\u0130Z\u201d font_container=\u201dtag:h4|text_align:left\u201d use_theme_fonts=\u201dyes\u201d css=\u201d.vc_custom_1548336391577{margin-bottom: 15px !important;}\u201d][vc_column_text el_class=\u201dwprt-information\u201d]<strong>\u0130DEAL MAL\u0130 M\u00dc\u015eAV\u0130RL\u0130K VE DANI\u015eMANLIK A.\u015e.<\/strong><\/p>\n<ul class=\"style-2\">\n<li class=\"address\"><strong><span class=\"hl\">Adres\u00a0 \u00a0 \u00a0:<\/span><\/strong> <span class=\"text\">K\u00fclt\u00fcr Mah. 722.Sok. No:1\/205 Merkez \/ D\u00fczce<\/span><\/li>\n<li class=\"phone\"><strong><span class=\"hl\">Telefon :<\/span><\/strong> <span class=\"text\">+90 380 524 39 99 \u2013 36 55<\/span><\/li>\n<li><strong><span class=\"hl\">Faks\u00a0 \u00a0 \u00a0 \u00a0:<\/span><\/strong> <span class=\"text\">+90 380 524 55 26<\/span><\/li>\n<li class=\"email\"><strong><span class=\"hl\">E-mail\u00a0 \u00a0:<\/span>\u00a0<\/strong> ideal@idealmalimusavirlik.com<\/li>\n<\/ul>\n<p>[\/vc_column_text][\/vc_column][vc_column width=\u201d2\/3\u2033][vc_custom_heading text=\u201dHizmetlerimiz hakk\u0131nda daha fazla bilgi almak i\u00e7in l\u00fctfen bize yaz\u0131n\u0131z.\u201d font_container=\u201dtag:h4|text_align:left\u201d use_theme_fonts=\u201dyes\u201d css=\u201d.vc_custom_1548336624976{margin-bottom: 15px !important;}\u201d]\n<div class=\"wpcf7 no-js\" id=\"wpcf7-f77-o1\" lang=\"en-US\" dir=\"ltr\" data-wpcf7-id=\"77\">\n<div class=\"screen-reader-response\"><p role=\"status\" aria-live=\"polite\" aria-atomic=\"true\"><\/p> <ul><\/ul><\/div>\n<form action=\"\/index.php?rest_route=%2Fwp%2Fv2%2Fpages%2F84#wpcf7-f77-o1\" method=\"post\" class=\"wpcf7-form init\" aria-label=\"Contact form\" novalidate=\"novalidate\" data-status=\"init\">\n<fieldset class=\"hidden-fields-container\"><input type=\"hidden\" name=\"_wpcf7\" value=\"77\" \/><input type=\"hidden\" name=\"_wpcf7_version\" value=\"6.1.5\" \/><input type=\"hidden\" name=\"_wpcf7_locale\" value=\"en_US\" \/><input type=\"hidden\" name=\"_wpcf7_unit_tag\" value=\"wpcf7-f77-o1\" \/><input type=\"hidden\" name=\"_wpcf7_container_post\" value=\"0\" \/><input type=\"hidden\" name=\"_wpcf7_posted_data_hash\" value=\"\" \/><input type=\"hidden\" name=\"_wpcf7_recaptcha_response\" value=\"\" \/>\n<\/fieldset>\n<div class=\"wprt-contact-form-1\">\n\t<p><span class=\"wpcf7-form-control-wrap name\"><br \/>\n<span class=\"wpcf7-form-control-wrap\" data-name=\"your-name\"><input size=\"40\" maxlength=\"400\" class=\"wpcf7-form-control wpcf7-text wpcf7-validates-as-required\" aria-required=\"true\" aria-invalid=\"false\" placeholder=\"Ad\u0131n\u0131z*\" value=\"\" type=\"text\" name=\"your-name\" \/><\/span><br \/>\n<\/span><br \/>\n<span class=\"wpcf7-form-control-wrap email\"><br \/>\n<span class=\"wpcf7-form-control-wrap\" data-name=\"your-email\"><input size=\"40\" maxlength=\"400\" class=\"wpcf7-form-control wpcf7-email wpcf7-validates-as-required wpcf7-text wpcf7-validates-as-email\" aria-required=\"true\" aria-invalid=\"false\" placeholder=\"E-mail *\" value=\"\" type=\"email\" name=\"your-email\" \/><\/span><br \/>\n<\/span><br \/>\n<span class=\"wpcf7-form-control-wrap phone\"><br \/>\n<span class=\"wpcf7-form-control-wrap\" data-name=\"your-phone\"><input size=\"40\" maxlength=\"400\" class=\"wpcf7-form-control wpcf7-tel wpcf7-text wpcf7-validates-as-tel\" aria-invalid=\"false\" placeholder=\"Telefon\" value=\"\" type=\"tel\" name=\"your-phone\" \/><\/span><br \/>\n<\/span><br \/>\n<span class=\"wpcf7-form-control-wrap subject\"><br \/>\n<span class=\"wpcf7-form-control-wrap\" data-name=\"your-subject\"><input size=\"40\" maxlength=\"400\" class=\"wpcf7-form-control wpcf7-text\" aria-invalid=\"false\" placeholder=\"Konu*\" value=\"\" type=\"text\" name=\"your-subject\" \/><\/span><br \/>\n<\/span><br \/>\n<span class=\"wpcf7-form-control-wrap message\"><br \/>\n<span class=\"wpcf7-form-control-wrap\" data-name=\"your-message\"><textarea cols=\"40\" rows=\"10\" maxlength=\"2000\" class=\"wpcf7-form-control wpcf7-textarea\" aria-invalid=\"false\" placeholder=\"Mesa\u0131n\u0131z\" name=\"your-message\"><\/textarea><\/span><br \/>\n<\/span><br \/>\n\t\n\t<\/p>\n\t<div class=\"wrap-submit\">\n\t\t<p><input class=\"wpcf7-form-control wpcf7-submit has-spinner\" type=\"submit\" value=\"G\u00d6NDER\" \/>\n\t\t<\/p>\n\t<\/div>\n<\/div><div class=\"wpcf7-response-output\" aria-hidden=\"true\"><\/div>\n<\/form>\n<\/div>\n[\/vc_column][\/vc_row]<\/p>\n<\/div>","protected":false},"excerpt":{"rendered":"<p>[vc_row css=\u201d.vc_custom_1496982231607{padding-top: 80px !important;padding-bottom: 50px !important;}\u201d][vc_column][vc_gmaps link=\u201d#E-8_JTNDaWZyYW1lJTIwc3JjJTNEJTIyaHR0cHMlM0ElMkYlMkZ3d3cuZ29vZ2xlLmNvbSUyRm1hcHMlMkZlbWJlZCUzRnBiJTNEJTIxMW0xOCUyMTFtMTIlMjExbTMlMjExZDMwMTguNDI5OTExNTA3NDEyMyUyMTJkMzEuMTQwNzgzMjE1NDA4OTI3JTIxM2Q0MC44NDA0ODQwNzkzMTc5OSUyMTJtMyUyMTFmMCUyMTJmMCUyMTNmMCUyMTNtMiUyMTFpMTAyNCUyMTJpNzY4JTIxNGYxMy4xJTIxM20zJTIxMW0yJTIxMXMweDAlMjUzQTB4YzIwNTJhNjI1ODY3ZjNhYyUyMTJ6eExCa1pXRnNJRTFoYkdrZ1RjTzh4WjloZG1seWJHbHJJSFpsSUVSaGJzU3h4Wjl0WVc1c3hMRnJJRUV1eFo0dSUyMTVlMCUyMTNtMiUyMTFzdHIlMjEyc3RyJTIxNHYxNTQ4MzM2MzA2NDEzJTIyJTIwd2lkdGglM0QlMjIxMDAlMjUlMjIlMjBoZWlnaHQlM0QlMjI0NTAlMjIlMjBmcmFtZWJvcmRlciUzRCUyMjAlMjIlMjBzdHlsZSUzRCUyMmJvcmRlciUzQTAlMjIlMjBhbGxvd2Z1bGxzY3JlZW4lM0UlM0MlMkZpZnJhbWUlM0U=\u201d css=\u201d.vc_custom_1548336371037{margin-bottom: 0px !important;}\u201d][\/vc_column][\/vc_row][vc_row css=\u201d.vc_custom_1496982392950{padding-bottom: 80px !important;}\u201d][vc_column width=\u201d1\/3\u2033][vc_custom_heading text=\u201dADRES B\u0130LG\u0130LER\u0130M\u0130Z\u201d font_container=\u201dtag:h4|text_align:left\u201d use_theme_fonts=\u201dyes\u201d css=\u201d.vc_custom_1548336391577{margin-bottom: 15px !important;}\u201d][vc_column_text el_class=\u201dwprt-information\u201d]\u0130DEAL MAL\u0130 M\u00dc\u015eAV\u0130RL\u0130K VE DANI\u015eMANLIK A.\u015e. Adres\u00a0 \u00a0 \u00a0: K\u00fclt\u00fcr Mah. 722.Sok. No:1\/205 Merkez \/ D\u00fczce Telefon : +90 380 524 39 99 \u2013 36 55 Faks\u00a0 \u00a0 \u00a0 \u00a0: +90 380 524 55 [&hellip;]<\/p>\n","protected":false},"author":1,"featured_media":0,"parent":0,"menu_order":0,"comment_status":"closed","ping_status":"closed","template":"page-templates\/template-fullwidth.php","meta":{"footnotes":""},"class_list":["post-84","page","type-page","status-publish","hentry"],"_links":{"self":[{"href":"https:\/\/www.idealmalimusavirlik.com\/index.php?rest_route=\/wp\/v2\/pages\/84","targetHints":{"allow":["GET"]}}],"collection":[{"href":"https:\/\/www.idealmalimusavirlik.com\/index.php?rest_route=\/wp\/v2\/pages"}],"about":[{"href":"https:\/\/www.idealmalimusavirlik.com\/index.php?rest_route=\/wp\/v2\/types\/page"}],"author":[{"embeddable":true,"href":"https:\/\/www.idealmalimusavirlik.com\/index.php?rest_route=\/wp\/v2\/users\/1"}],"replies":[{"embeddable":true,"href":"https:\/\/www.idealmalimusavirlik.com\/index.php?rest_route=%2Fwp%2Fv2%2Fcomments&post=84"}],"version-history":[{"count":3,"href":"https:\/\/www.idealmalimusavirlik.com\/index.php?rest_route=\/wp\/v2\/pages\/84\/revisions"}],"predecessor-version":[{"id":1031,"href":"https:\/\/www.idealmalimusavirlik.com\/index.php?rest_route=\/wp\/v2\/pages\/84\/revisions\/1031"}],"wp:attachment":[{"href":"https:\/\/www.idealmalimusavirlik.com\/index.php?rest_route=%2Fwp%2Fv2%2Fmedia&parent=84"}],"curies":[{"name":"wp","href":"https:\/\/api.w.org\/{rel}","templated":true}]}}