{"id":679,"date":"2017-06-14T08:23:05","date_gmt":"2017-06-14T08:23:05","guid":{"rendered":"http:\/\/localhost\/construct\/?page_id=679"},"modified":"2019-01-25T12:25:57","modified_gmt":"2019-01-25T09:25:57","slug":"hizmetlerimiz","status":"publish","type":"page","link":"https:\/\/www.idealmalimusavirlik.com\/?page_id=679","title":{"rendered":"Hizmetlerimiz"},"content":{"rendered":"<div class=\"wpb-content-wrapper\"><p>[vc_row css=\u201d.vc_custom_1497429195737{padding-top: 80px !important;padding-bottom: 20px !important;}\u201d][vc_column]\t\n\t<div class=\"row\">\n\t\t<div class=\"col-md-4 col-sm-6\">\n\t\t<div class=\"service-item clearfix \">\n\t        <div class=\"thumb\"><a href=\"https:\/\/www.idealmalimusavirlik.com\/?service=muhasebe-ve-mali-musavirlik-hizmeti\" title=\"Muhasebe ve Mali M\u00fc\u015favirlik Hizmeti\"><img loading=\"lazy\" decoding=\"async\" width=\"590\" height=\"370\" src=\"https:\/\/www.idealmalimusavirlik.com\/wp-content\/uploads\/2017\/05\/muhasebe.jpg\" class=\"attachment-post-thumbnail size-post-thumbnail wp-post-image\" alt=\"\" srcset=\"https:\/\/www.idealmalimusavirlik.com\/wp-content\/uploads\/2017\/05\/muhasebe.jpg 590w, https:\/\/www.idealmalimusavirlik.com\/wp-content\/uploads\/2017\/05\/muhasebe-400x251.jpg 400w, https:\/\/www.idealmalimusavirlik.com\/wp-content\/uploads\/2017\/05\/muhasebe-300x188.jpg 300w\" sizes=\"auto, (max-width: 590px) 100vw, 590px\" \/><\/a><\/div>\n\t        <div class=\"service-item-wrap\">\n\t            <h3 class=\"title font-size-18\"><a href=\"https:\/\/www.idealmalimusavirlik.com\/?service=muhasebe-ve-mali-musavirlik-hizmeti\">Muhasebe ve Mali M\u00fc\u015favirlik Hizmeti<\/a><\/h3>\n\t            <div class=\"desc\"><p>Uzman kadromuz taraf\u0131ndan, m\u00fc\u015fterilerimizin yasalar \u00e7er\u00e7evesinde finansal ve y\u00f6netsel hedeflerine en k\u0131sa s\u00fcrede ula\u015fmalar\u0131n\u0131 sa\u011flamak ad\u0131na, muhasebe ve mali m\u00fc\u015favirlik hizmetleri kapsam\u0131nda a\u015fa\u011f\u0131daki konularda eksiksiz ve s\u00fcrekli destek verilmektedir. Resmi Defterlerin tutulmas\u0131 Muhasebe sisteminin kurulmas\u0131 ve uygulanmas\u0131 Muhasebe s\u00fcre\u00e7lerinin g\u00fcnl\u00fck y\u00f6netimi Tek D\u00fczen Hesap Plan\u0131\u2019na ve uygulamas\u0131na ili\u015fkin dan\u0131\u015fmanl\u0131k Defter tutma ve y\u00f6netime raporlama \u00dc\u00e7 [\u2026]<\/p>\n<\/div>\n\t            \t\t            <div class=\"link\">\n\t\t                <a href=\"https:\/\/www.idealmalimusavirlik.com\/?service=muhasebe-ve-mali-musavirlik-hizmeti\" class=\"wprt-button small rounded-3px\">Devam\u0131<\/a>\n\t\t            <\/div>\n\t\t        \t        <\/div>\n\t    <\/div>\n\t    <div class=\"wprt-spacer\" data-desktop=\"60\" data-mobi=\"60\" data-smobi=\"60\"><\/div>\n\t<\/div>\n\n\t\t<div class=\"col-md-4 col-sm-6\">\n\t\t<div class=\"service-item clearfix \">\n\t        <div class=\"thumb\"><a href=\"https:\/\/www.idealmalimusavirlik.com\/?service=bordro-hizmetleri-ve-sgk-bildirimleri\" title=\"Bordro Hizmetleri ve SGK Bildirimleri\"><img loading=\"lazy\" decoding=\"async\" width=\"2560\" height=\"1707\" src=\"https:\/\/www.idealmalimusavirlik.com\/wp-content\/uploads\/2019\/01\/126-scaled.jpg\" class=\"attachment-post-thumbnail size-post-thumbnail wp-post-image\" alt=\"\" srcset=\"https:\/\/www.idealmalimusavirlik.com\/wp-content\/uploads\/2019\/01\/126-scaled.jpg 2560w, https:\/\/www.idealmalimusavirlik.com\/wp-content\/uploads\/2019\/01\/126-scaled-600x400.jpg 600w, https:\/\/www.idealmalimusavirlik.com\/wp-content\/uploads\/2019\/01\/126-300x200.jpg 300w, https:\/\/www.idealmalimusavirlik.com\/wp-content\/uploads\/2019\/01\/126-768x512.jpg 768w, https:\/\/www.idealmalimusavirlik.com\/wp-content\/uploads\/2019\/01\/126-1024x683.jpg 1024w\" sizes=\"auto, (max-width: 2560px) 100vw, 2560px\" \/><\/a><\/div>\n\t        <div class=\"service-item-wrap\">\n\t            <h3 class=\"title font-size-18\"><a href=\"https:\/\/www.idealmalimusavirlik.com\/?service=bordro-hizmetleri-ve-sgk-bildirimleri\">Bordro Hizmetleri ve SGK Bildirimleri<\/a><\/h3>\n\t            <div class=\"desc\"><p>\u0130\u015fletmelerin bir b\u00f6l\u00fcm\u00fc Bordro ve SGK i\u015flemlerini kendi b\u00fcnyelerinde, kendi kurgular\u0131na Muhasebe veya Personel Departmanlar\u0131nda s\u00fcrd\u00fcrmektedirler. Bordrolama ve SGK s\u00fcre\u00e7lerinin ayr\u0131 bir uzmanl\u0131k gerektirmesi, s\u00fcrekli yenilenen mevzuat yap\u0131s\u0131 i\u015fletmeleri bu s\u00fcre\u00e7leri kendi i\u00e7inde de\u011fil, d\u0131\u015far\u0131dan hizmet almas\u0131 yoluna itmektedir.\u00a0 \u00d6zellikle \u00e7al\u0131\u015fan say\u0131s\u0131n\u0131n ve personel devir h\u0131z\u0131n\u0131n \u00e7ok oldu\u011fu i\u015fletmelerde bordrolama ve SGK hizmetlerinin d\u0131\u015far\u0131dan al\u0131nmas\u0131 [\u2026]<\/p>\n<\/div>\n\t            \t\t            <div class=\"link\">\n\t\t                <a href=\"https:\/\/www.idealmalimusavirlik.com\/?service=bordro-hizmetleri-ve-sgk-bildirimleri\" class=\"wprt-button small rounded-3px\">Devam\u0131<\/a>\n\t\t            <\/div>\n\t\t        \t        <\/div>\n\t    <\/div>\n\t    <div class=\"wprt-spacer\" data-desktop=\"60\" data-mobi=\"60\" data-smobi=\"60\"><\/div>\n\t<\/div>\n\n\t\t<div class=\"col-md-4 col-sm-6\">\n\t\t<div class=\"service-item clearfix \">\n\t        <div class=\"thumb\"><a href=\"https:\/\/www.idealmalimusavirlik.com\/?service=muhasebe-sistemleri-danismanligi\" title=\"Muhasebe Sistemleri Dan\u0131\u015fmanl\u0131\u011f\u0131\"><img loading=\"lazy\" decoding=\"async\" width=\"1200\" height=\"830\" src=\"https:\/\/www.idealmalimusavirlik.com\/wp-content\/uploads\/2017\/05\/muhasebesistemleri.gif\" class=\"attachment-post-thumbnail size-post-thumbnail wp-post-image\" alt=\"\" \/><\/a><\/div>\n\t        <div class=\"service-item-wrap\">\n\t            <h3 class=\"title font-size-18\"><a href=\"https:\/\/www.idealmalimusavirlik.com\/?service=muhasebe-sistemleri-danismanligi\">Muhasebe Sistemleri Dan\u0131\u015fmanl\u0131\u011f\u0131<\/a><\/h3>\n\t            <div class=\"desc\"><p>Hangi sekt\u00f6rde, hangi b\u00fcy\u00fckl\u00fckte olursa olsun, \u015firketlerin b\u00fcnyesinde bar\u0131nd\u0131rd\u0131\u011f\u0131 t\u00fcm departmanlar\u0131n mutlak suretle etkile\u015fim i\u00e7inde bulundu\u011fu\/bulunmak zorunda oldu\u011fu departman muhasebe departman\u0131d\u0131r. Etkin bir muhasebe sistemi; muhasebe ile etkile\u015fim i\u00e7inde bulunan departmanlardan gelen verilerin, zaman\u0131nda ve do\u011fru olarak iletilmesini sa\u011flayacakt\u0131r. Bunun yan\u0131 s\u0131ra i\u015fletme sahipleri ve y\u00f6neticilerinin g\u00fcncel ve sa\u011fl\u0131kl\u0131 bilgiye ula\u015fmas\u0131 da do\u011fru kurgulanm\u0131\u015f bir [\u2026]<\/p>\n<\/div>\n\t            \t\t            <div class=\"link\">\n\t\t                <a href=\"https:\/\/www.idealmalimusavirlik.com\/?service=muhasebe-sistemleri-danismanligi\" class=\"wprt-button small rounded-3px\">Devam\u0131<\/a>\n\t\t            <\/div>\n\t\t        \t        <\/div>\n\t    <\/div>\n\t    <div class=\"wprt-spacer\" data-desktop=\"60\" data-mobi=\"60\" data-smobi=\"60\"><\/div>\n\t<\/div>\n\n\t\t<div class=\"col-md-4 col-sm-6\">\n\t\t<div class=\"service-item clearfix \">\n\t        <div class=\"thumb\"><a href=\"https:\/\/www.idealmalimusavirlik.com\/?service=vergi-incelemleri-ve-uyusmazliklari\" title=\"Vergi \u0130ncelemleri ve Uyu\u015fmazl\u0131klar\u0131\"><img loading=\"lazy\" decoding=\"async\" width=\"370\" height=\"208\" src=\"https:\/\/www.idealmalimusavirlik.com\/wp-content\/uploads\/2017\/05\/vergi-uyusmazliklari.jpg\" class=\"attachment-post-thumbnail size-post-thumbnail wp-post-image\" alt=\"\" srcset=\"https:\/\/www.idealmalimusavirlik.com\/wp-content\/uploads\/2017\/05\/vergi-uyusmazliklari.jpg 370w, https:\/\/www.idealmalimusavirlik.com\/wp-content\/uploads\/2017\/05\/vergi-uyusmazliklari-300x169.jpg 300w\" sizes=\"auto, (max-width: 370px) 100vw, 370px\" \/><\/a><\/div>\n\t        <div class=\"service-item-wrap\">\n\t            <h3 class=\"title font-size-18\"><a href=\"https:\/\/www.idealmalimusavirlik.com\/?service=vergi-incelemleri-ve-uyusmazliklari\">Vergi \u0130ncelemleri ve Uyu\u015fmazl\u0131klar\u0131<\/a><\/h3>\n\t            <div class=\"desc\"><p>Vergi mevzuat\u0131m\u0131za g\u00f6re, vergi incelemesinin ne zaman yap\u0131laca\u011f\u0131 belli de\u011fildir. Evvelce vergi incelemesi yap\u0131lm\u0131\u015f olmas\u0131 yeniden vergi incelemesi yap\u0131lmas\u0131na da engel te\u015fkil etmemektedir. Bunun yan\u0131 s\u0131ra teknoloji ve e- uygulamalar her ge\u00e7en g\u00fcn vergi inceleme tekniklerini geli\u015ftirmektedir. Vergi mevzuat\u0131n\u0131n karma\u015f\u0131k, yoruma a\u00e7\u0131k bir\u00e7ok konuyu da b\u00fcnyesinde bar\u0131nd\u0131rmas\u0131 vergi incelemesine al\u0131nm\u0131\u015f m\u00fckellefin, vergi incelemesi s\u00fcre\u00e7lerinin do\u011fru [\u2026]<\/p>\n<\/div>\n\t            \t\t            <div class=\"link\">\n\t\t                <a href=\"https:\/\/www.idealmalimusavirlik.com\/?service=vergi-incelemleri-ve-uyusmazliklari\" class=\"wprt-button small rounded-3px\">Devam\u0131<\/a>\n\t\t            <\/div>\n\t\t        \t        <\/div>\n\t    <\/div>\n\t    <div class=\"wprt-spacer\" data-desktop=\"60\" data-mobi=\"60\" data-smobi=\"60\"><\/div>\n\t<\/div>\n\n\t\t<div class=\"col-md-4 col-sm-6\">\n\t\t<div class=\"service-item clearfix \">\n\t        <div class=\"thumb\"><a href=\"https:\/\/www.idealmalimusavirlik.com\/?service=bagimsiz-denetim\" title=\"Ba\u011f\u0131ms\u0131z Denetim\"><img loading=\"lazy\" decoding=\"async\" width=\"670\" height=\"402\" src=\"https:\/\/www.idealmalimusavirlik.com\/wp-content\/uploads\/2017\/05\/bagimsiz-denetim.jpg\" class=\"attachment-post-thumbnail size-post-thumbnail wp-post-image\" alt=\"\" srcset=\"https:\/\/www.idealmalimusavirlik.com\/wp-content\/uploads\/2017\/05\/bagimsiz-denetim.jpg 670w, https:\/\/www.idealmalimusavirlik.com\/wp-content\/uploads\/2017\/05\/bagimsiz-denetim-600x360.jpg 600w, https:\/\/www.idealmalimusavirlik.com\/wp-content\/uploads\/2017\/05\/bagimsiz-denetim-300x180.jpg 300w\" sizes=\"auto, (max-width: 670px) 100vw, 670px\" \/><\/a><\/div>\n\t        <div class=\"service-item-wrap\">\n\t            <h3 class=\"title font-size-18\"><a href=\"https:\/\/www.idealmalimusavirlik.com\/?service=bagimsiz-denetim\">Ba\u011f\u0131ms\u0131z Denetim<\/a><\/h3>\n\t            <div class=\"desc\"><p>Nulla iaculis turpis in nibh aliquam maximus. In dignissim arcu vel diam scelerisque, pretium urna<\/p>\n<\/div>\n\t            \t\t            <div class=\"link\">\n\t\t                <a href=\"https:\/\/www.idealmalimusavirlik.com\/?service=bagimsiz-denetim\" class=\"wprt-button small rounded-3px\">Devam\u0131<\/a>\n\t\t            <\/div>\n\t\t        \t        <\/div>\n\t    <\/div>\n\t    <div class=\"wprt-spacer\" data-desktop=\"60\" data-mobi=\"60\" data-smobi=\"60\"><\/div>\n\t<\/div>\n\n\t\t<div class=\"col-md-4 col-sm-6\">\n\t\t<div class=\"service-item clearfix \">\n\t        <div class=\"thumb\"><a href=\"https:\/\/www.idealmalimusavirlik.com\/?service=vergi-danismanligi\" title=\"Vergi Dan\u0131\u015fmanl\u0131\u011f\u0131\"><img loading=\"lazy\" decoding=\"async\" width=\"598\" height=\"362\" src=\"https:\/\/www.idealmalimusavirlik.com\/wp-content\/uploads\/2017\/04\/vergi-danismanligi.jpeg\" class=\"attachment-post-thumbnail size-post-thumbnail wp-post-image\" alt=\"\" srcset=\"https:\/\/www.idealmalimusavirlik.com\/wp-content\/uploads\/2017\/04\/vergi-danismanligi.jpeg 598w, https:\/\/www.idealmalimusavirlik.com\/wp-content\/uploads\/2017\/04\/vergi-danismanligi-400x242.jpeg 400w, https:\/\/www.idealmalimusavirlik.com\/wp-content\/uploads\/2017\/04\/vergi-danismanligi-300x182.jpeg 300w\" sizes=\"auto, (max-width: 598px) 100vw, 598px\" \/><\/a><\/div>\n\t        <div class=\"service-item-wrap\">\n\t            <h3 class=\"title font-size-18\"><a href=\"https:\/\/www.idealmalimusavirlik.com\/?service=vergi-danismanligi\">Vergi Dan\u0131\u015fmanl\u0131\u011f\u0131<\/a><\/h3>\n\t            <div class=\"desc\"><p>Vergi mevzuat\u0131n\u0131n da\u011f\u0131n\u0131k ve \u00e7ok say\u0131da d\u00fczenlemeyi b\u00fcnyesinde bar\u0131nd\u0131rmas\u0131, yoruma a\u00e7\u0131k pek \u00e7ok konunun bulunmas\u0131, yoruma a\u00e7\u0131k konular\u0131n pek \u00e7o\u011funda birbirinden farkl\u0131 yarg\u0131 karar\u0131 ve bakanl\u0131k g\u00f6r\u00fc\u015f\u00fc bulunmas\u0131 ve mevzuat\u0131n s\u00fcrekli de\u011fi\u015fkenlik arz etmesi, her co\u011frafyada oldu\u011fu gibi \u00fclkemizde de m\u00fckelleflerin vergi dan\u0131\u015fmanl\u0131\u011f\u0131 hizmetleri almas\u0131n\u0131 \u00e7o\u011fu zaman zaruri k\u0131lmaktad\u0131r. \u0130deal Mali M\u00fc\u015favirlik ve Dan\u0131\u015fmanl\u0131k A.\u015e. [\u2026]<\/p>\n<\/div>\n\t            \t\t            <div class=\"link\">\n\t\t                <a href=\"https:\/\/www.idealmalimusavirlik.com\/?service=vergi-danismanligi\" class=\"wprt-button small rounded-3px\">Devam\u0131<\/a>\n\t\t            <\/div>\n\t\t        \t        <\/div>\n\t    <\/div>\n\t    <div class=\"wprt-spacer\" data-desktop=\"60\" data-mobi=\"60\" data-smobi=\"60\"><\/div>\n\t<\/div>\n\n\t\t<\/div>\n  \t\n[\/vc_column][\/vc_row]<\/p>\n<\/div>","protected":false},"excerpt":{"rendered":"<p>[vc_row css=\u201d.vc_custom_1497429195737{padding-top: 80px !important;padding-bottom: 20px !important;}\u201d][vc_column][\/vc_column][\/vc_row]<\/p>\n","protected":false},"author":1,"featured_media":0,"parent":0,"menu_order":0,"comment_status":"closed","ping_status":"closed","template":"page-templates\/template-fullwidth.php","meta":{"footnotes":""},"class_list":["post-679","page","type-page","status-publish","hentry"],"_links":{"self":[{"href":"https:\/\/www.idealmalimusavirlik.com\/index.php?rest_route=\/wp\/v2\/pages\/679","targetHints":{"allow":["GET"]}}],"collection":[{"href":"https:\/\/www.idealmalimusavirlik.com\/index.php?rest_route=\/wp\/v2\/pages"}],"about":[{"href":"https:\/\/www.idealmalimusavirlik.com\/index.php?rest_route=\/wp\/v2\/types\/page"}],"author":[{"embeddable":true,"href":"https:\/\/www.idealmalimusavirlik.com\/index.php?rest_route=\/wp\/v2\/users\/1"}],"replies":[{"embeddable":true,"href":"https:\/\/www.idealmalimusavirlik.com\/index.php?rest_route=%2Fwp%2Fv2%2Fcomments&post=679"}],"version-history":[{"count":1,"href":"https:\/\/www.idealmalimusavirlik.com\/index.php?rest_route=\/wp\/v2\/pages\/679\/revisions"}],"predecessor-version":[{"id":1069,"href":"https:\/\/www.idealmalimusavirlik.com\/index.php?rest_route=\/wp\/v2\/pages\/679\/revisions\/1069"}],"wp:attachment":[{"href":"https:\/\/www.idealmalimusavirlik.com\/index.php?rest_route=%2Fwp%2Fv2%2Fmedia&parent=679"}],"curies":[{"name":"wp","href":"https:\/\/api.w.org\/{rel}","templated":true}]}}