{"id":1014,"date":"2019-01-24T13:58:11","date_gmt":"2019-01-24T10:58:11","guid":{"rendered":"https:\/\/www.idealmalimusavirlik.com\/?page_id=1014"},"modified":"2019-01-24T13:58:11","modified_gmt":"2019-01-24T10:58:11","slug":"kullanim-kosullari-ve-gizlilik-politikasi","status":"publish","type":"page","link":"https:\/\/www.idealmalimusavirlik.com\/?page_id=1014","title":{"rendered":"Kullan\u0131m Ko\u015fullar\u0131 ve Gizlilik politikas\u0131"},"content":{"rendered":"\r\n<div class=\"column mcb-column one column_visual \">\r\n<h3 class=\"wp-block-heading\">Kullan\u0131m Ko\u015fullar\u0131<\/h3>\r\n<p>\u0130DEAL MAL\u0130 M\u00dc\u015eAV\u0130RL\u0130K VE DANI\u015eMANLIK A.\u015e. Sitemizde yer alan \u201cKullan\u0131m Ko\u015fullar\u0131\u201d ve \u201cGizlilik Bildirimi\u201d b\u00f6l\u00fcmlerinde, \u0130DEAL MAL\u0130 M\u00dc\u015eAV\u0130RL\u0130K VE DANI\u015eMANLIK a\u011f\u0131n\u0131n par\u00e7as\u0131 olan ve her biri T\u00fcrk sermaye \u015firketi olan t\u00fczel ki\u015filikler \u201c\u015eirket\u201d olarak an\u0131lacakt\u0131r.\u00a0<\/p>\r\n<p>www.idealmalimusavirlik.com ve www.leventozan.com sitelerinden ise \u201cSitemiz\u201d olarak bahsedilecektir.<\/p>\r\n<p>Sitemize eri\u015fim yapan her kullan\u0131c\u0131, bu Kullan\u0131m Ko\u015fullar\u0131\u2019n\u0131 kabul etmi\u015f say\u0131lmaktad\u0131r. Kullan\u0131m Ko\u015fullar\u0131\u2019n\u0131n kabul edilmedi\u011fi durumlarda, bu internet sitesine eri\u015fim sa\u011flanamayacakt\u0131r. Kullan\u0131m Ko\u015fullar\u0131 uyar\u0131nca, sitemizde yer alan i\u00e7erik, ancak ticari olmayan ama\u00e7lar do\u011frultusunda ve i\u00e7eri\u011fin kopyalanmas\u0131 halinde telif hakk\u0131 bildiriminin ya da i\u00e7erikle ilgili di\u011fer bilgilendirmelerin yap\u0131lmas\u0131 \u015fart\u0131 ile g\u00f6r\u00fcnt\u00fclenebilir, kopyalanabilir, \u00e7\u0131kt\u0131s\u0131 al\u0131nabilir ve i\u00e7erikte de\u011fi\u015fiklik yap\u0131lmaks\u0131z\u0131n \u00fc\u00e7\u00fcnc\u00fc ki\u015filerle payla\u015f\u0131labilir.<\/p>\r\n<p>Sitemizde yer alan i\u00e7erikler, T\u00fcrkiye ve di\u011fer \u00fclkelerde ge\u00e7erli olan telif hakk\u0131, ticari marka ve di\u011fer yasalarla korunmaktad\u0131r. Bu yasalar Kullan\u0131m Ko\u015fullar\u0131nda a\u00e7\u0131k\u00e7a belirtilmemi\u015f olsa dahi, \u015eirketimizin ve lisans verenin t\u00fcm haklar\u0131 sakl\u0131d\u0131r.<\/p>\r\n<p>Kullan\u0131m Ko\u015fullar\u0131nda aksi a\u00e7\u0131k\u00e7a belirtilmedik\u00e7e veya ticari marka sahibince a\u00e7\u0131k\u00e7a yaz\u0131l\u0131 olarak izin verilmedik\u00e7e, \u0130DEAL MAL\u0130 M\u00dc\u015eAV\u0130RL\u0130K VE DANI\u015eMANLIK\u2019a ait marka ve logo tek ba\u015f\u0131na ya da di\u011fer kelime ya da tasar\u0131m \u00f6geleri ile birlikte herhangi bir bas\u0131n b\u00fclteni, reklam ve pazarlama malzemesi veya herhangi bir mecrada s\u00f6zl\u00fc, yaz\u0131l\u0131, elektronik, g\u00f6rsel veya di\u011fer herhangi bir \u015fekil veya formda kullan\u0131lamaz.<\/p>\r\n<p>Sitemizdeki bilgiler yaln\u0131zca genel bilgi vermek amac\u0131n\u0131 ta\u015f\u0131makta olup, profesyonel g\u00f6r\u00fc\u015f i\u00e7ermemektedir. Taraf\u0131m\u0131zdan yaz\u0131l\u0131 g\u00f6r\u00fc\u015f al\u0131nmadan sitede yer alan bilgilerden ya da yay\u0131nlanan mali a\u00e7\u0131klama, sirk\u00fcler veya duyurularda yer alan g\u00f6r\u00fc\u015flerden hareketle yap\u0131lan uygulamalardan dolay\u0131 \u015firketimiz sorumluluk kabul etmez. \u0130\u015fletmenizi veya mali durumunuzu etkileyecek herhangi bir karar vermeden \u00f6nce bir uzmana dan\u0131\u015f\u0131n\u0131z.<\/p>\r\n<p>Sitemiz, mevcut \u015fekliyle kullan\u0131ma sunulmu\u015f olup, internet sitesiyle ilgili \u015eirketimizin a\u00e7\u0131k ya da z\u0131mni hi\u00e7bir beyan veya taahh\u00fcd\u00fcm\u00fc bulunmamaktad\u0131r. Yukar\u0131daki ifadeyi s\u0131n\u0131rlamaks\u0131z\u0131n, sitemizin g\u00fcvenli ve hatas\u0131z oldu\u011fu, vir\u00fcs ya da zararl\u0131 hi\u00e7bir i\u00e7erik bar\u0131nd\u0131rmad\u0131\u011f\u0131 veya belirli performans ya da kalite kriterlerini kar\u015f\u0131lad\u0131\u011f\u0131 y\u00f6n\u00fcnde hi\u00e7bir taahh\u00fct bulunmamaktad\u0131r. Ticari garanti, unvan, belirli bir amaca uygunluk, ihlal etmeme, uyum, g\u00fcvenlik ve do\u011fruluk gibi z\u0131mni taahh\u00fctler, herhangi bir k\u0131s\u0131tlama yapmadan, taraf\u0131m\u0131zdan a\u00e7\u0131k\u00e7a reddedilmektedir.<\/p>\r\n<p>Kullan\u0131m Ko\u015fullar\u0131\u2019nda belirtilen h\u00fck\u00fcmlerden herhangi birinin herhangi bir yarg\u0131 mercii nezdinde ge\u00e7erlili\u011fini ya da uygulanabilirli\u011fini kaybetmesi durumunda, ilgili h\u00fck\u00fcm ilgili yarg\u0131 merciinde ve yasalar\u0131n izin verdi\u011fi \u00f6l\u00e7\u00fcde, esas amac\u0131n\u0131 m\u00fcmk\u00fcn oldu\u011funca yerine getirebilmek i\u00e7in yeniden yorumlanacak; ve di\u011fer t\u00fcm yarg\u0131 merciilerinde Kullan\u0131m Ko\u015fullar\u0131\u2019n\u0131n tamam\u0131 ge\u00e7erli ve y\u00fcr\u00fcrl\u00fckte kalacakt\u0131r.<\/p>\r\n<p>Kullan\u0131m Ko\u015fullar\u0131\u2019nda yer alan h\u00fck\u00fcmler gerekli oldu\u011funda \u015eirketimizin ihtiya\u00e7lar\u0131 do\u011frultusunda de\u011fi\u015ftirilebilir. \u0130lgili de\u011fi\u015fiklikler, Kullan\u0131m Ko\u015fullar\u0131 ba\u011flant\u0131s\u0131 alt\u0131nda ya da sitemizin bir ba\u015fka b\u00f6l\u00fcm\u00fcnde yay\u0131nlan\u0131r. Aksi taraf\u0131m\u0131zdan a\u00e7\u0131k\u00e7a belirtilmedi\u011fi takdirde, bu de\u011fi\u015fiklikler yay\u0131nland\u0131klar\u0131 tarihten itibaren ge\u00e7erli olacakt\u0131r. Bu de\u011fi\u015fikliklerden haberdar olmak kullan\u0131c\u0131lar\u0131n sorumlulu\u011fundad\u0131r. Kullan\u0131m Ko\u015fullar\u0131 de\u011fi\u015ftikten sonra bu sitemizi kullanmaya devam eden kullan\u0131c\u0131 g\u00fcncellenen Kullan\u0131m Ko\u015fullar\u0131\u2019n\u0131 kabul etmi\u015f say\u0131l\u0131r.<\/p>\r\n<\/div>\r\n<div class=\"column mcb-column one column_visual \">\r\n<h3>Gizlilik Politikas\u0131<\/h3>\r\n<p>\u015eirketimiz, Sitemizi ziyaret eden kullan\u0131c\u0131lar\u0131n gizlilik hakk\u0131na sayg\u0131 duymaktad\u0131r. Sitemize kullan\u0131c\u0131 olarak kay\u0131t olan veya bilgi g\u00f6nderen her kullan\u0131c\u0131, bu bilgilerin Gizlilik Politikas\u0131 \u00e7er\u00e7evesinde kullan\u0131lmas\u0131n\u0131 kabul etmi\u015f say\u0131l\u0131r. Sitemiz, sadece kullan\u0131c\u0131n\u0131n kendi iste\u011fi ile sundu\u011fu ki\u015fisel bilgileri saklamaktad\u0131r. Bu bilgiler ad\u0131n\u0131z, soyad\u0131n\u0131z, firma unvan\u0131n\u0131z, adresiniz, e-posta adresiniz, telefon ve faks numaralar\u0131n\u0131z\u0131 ve daha ba\u015fka bilgileri i\u00e7erebilir.<\/p>\r\n<p>Sitemizde yer alan hizmetlerden yararlan\u0131rken verece\u011finiz ki\u015fisel bilgiler, \u015eirketimiz b\u00fcnyesinde saklanmakta olup, hizmet sa\u011flay\u0131c\u0131lar d\u0131\u015f\u0131nda \u00fc\u00e7\u00fcnc\u00fc ki\u015filerle payla\u015f\u0131lmamakt\u0131r. Sitemiz \u00fczerinden edindi\u011fimiz ki\u015fisel bilgiler, e-posta, sirk\u00fcler, duyuru, kitap ve benzeri yay\u0131nlar g\u00f6ndermek, kay\u0131tlar\u0131m\u0131z\u0131 ve veri taban\u0131m\u0131z\u0131 g\u00fcncelle\u015ftirmek amac\u0131yla kullan\u0131lmaktad\u0131r.<\/p>\r\n<p>\u015eirketimiz, Gizlilik Politikas\u0131 h\u00fck\u00fcm veya \u015fartlar\u0131nda, \u00f6nceden bildirimde bulunmaks\u0131z\u0131n veya bir y\u00fck\u00fcml\u00fcl\u00fck alt\u0131na girmeksizin tamamen kendi takdirine ba\u011fl\u0131 olarak de\u011fi\u015fiklik, ekleme veya \u00e7\u0131karma yapma hakk\u0131na sahiptir. Gizlilik Politikas\u0131\u2019nda yap\u0131lacak de\u011fi\u015fiklikler, s\u00f6z konusu de\u011fi\u015fikliklerin Sitemizde yay\u0131mlanmas\u0131 ile ge\u00e7erlilik kazanacakt\u0131r. Bu nedenle, Gizlilik Politikas\u0131\u2019n\u0131n zaman zaman kontrol edilmesini \u00f6nermekteyiz.<\/p>\r\n<p><strong>\u00c7erezler (Cookies)<\/strong><\/p>\r\n<p>Sitemizde kullan\u0131c\u0131lar\u0131n daha verimli hizmet almas\u0131 ve internet sitesinin verimli \u00e7al\u0131\u015fmas\u0131 amac\u0131yla \u00e7erezler kullan\u0131lmaktad\u0131r. \u00c7erezler, \u015firketimiz ve ziyaret\u00e7i bilgilerinin korunmas\u0131yla ilgili daha detayl\u0131 a\u00e7\u0131klamalar\u0131n yer ald\u0131\u011f\u0131 Gizlilik Politikas\u0131\u2019n\u0131n bir par\u00e7as\u0131d\u0131r.<\/p>\r\n<p>Size ihtiya\u00e7lar\u0131n\u0131z do\u011frultusunda ve \u00f6zelle\u015ftirilmi\u015f hizmetler sunabilmemiz i\u00e7in, bu internet sitesinde \u00e7erezler (cookies) kullan\u0131lmaktad\u0131r. Sitemizin kullan\u0131m\u0131na ili\u015fkin bilgilerinizin hat\u0131rlanmas\u0131 ve bu bilgilerin kaydedilmesi \u00c7erezler arac\u0131l\u0131\u011f\u0131yla ger\u00e7ekle\u015ftirilmektedir. \u00c7erezler, belirli miktarda bilgiyi bilgisayar\u0131n\u0131za veya di\u011fer ayg\u0131tlara depolamaktad\u0131r. \u00c7erezler, bilgisayar\u0131n\u0131zda ya da teknoloji ara\u00e7lar\u0131ndaki bilgileri okuyamaz veya sisteminize zarar vermez. \u0130DEAL MAL\u0130 M\u00dc\u015eAV\u0130RL\u0130K VE DANI\u015eMANLIK depolanan bilgileri \u00fc\u00e7\u00fcnc\u00fc ki\u015filerle payla\u015fmamaktad\u0131r. \u00c7erez bildirimini kabul etmekle, \u0130DEAL MAL\u0130 M\u00dc\u015eAV\u0130RL\u0130K VE DANI\u015eMANLIK b\u00fcnyesinde ziyaret edebilece\u011finiz di\u011fer \u00fclke ve b\u00f6lgelerdeki internet sitelerinin \u00e7erez bildiriminde a\u00e7\u0131klanan \u00e7erez kullan\u0131mlar\u0131n\u0131 da kabul etmi\u015f say\u0131l\u0131rs\u0131n\u0131z.<\/p>\r\n<p>Bu internet sitesini her ziyaret etti\u011finizde, internet taray\u0131c\u0131n\u0131z \u00e7erezleri bu internet sitesine g\u00f6nderir; b\u00f6ylece internet sitesi sizi tan\u0131r ve kullan\u0131c\u0131 tercihleri gibi bilgilerinizi hat\u0131rlar. \u00c7erezlerle ve nas\u0131l \u00e7al\u0131\u015ft\u0131klar\u0131yla ilgili daha detayl\u0131 bilgi i\u00e7in\u00a0<a href=\"http:\/\/www.aboutcookies.org\/\">http:\/\/www.aboutcookies.org\/<\/a>\u00a0sitesini ziyaret edebilirsiniz.<\/p>\r\n<\/div>\r\n","protected":false},"excerpt":{"rendered":"<p>Kullan\u0131m Ko\u015fullar\u0131 \u0130DEAL MAL\u0130 M\u00dc\u015eAV\u0130RL\u0130K VE DANI\u015eMANLIK A.\u015e. Sitemizde yer alan \u201cKullan\u0131m Ko\u015fullar\u0131\u201d ve \u201cGizlilik Bildirimi\u201d b\u00f6l\u00fcmlerinde, \u0130DEAL MAL\u0130 M\u00dc\u015eAV\u0130RL\u0130K VE DANI\u015eMANLIK a\u011f\u0131n\u0131n par\u00e7as\u0131 olan ve her biri T\u00fcrk sermaye \u015firketi olan t\u00fczel ki\u015filikler \u201c\u015eirket\u201d olarak an\u0131lacakt\u0131r.\u00a0 www.idealmalimusavirlik.com ve www.leventozan.com sitelerinden ise \u201cSitemiz\u201d olarak bahsedilecektir. Sitemize eri\u015fim yapan her kullan\u0131c\u0131, bu Kullan\u0131m Ko\u015fullar\u0131\u2019n\u0131 kabul etmi\u015f [&hellip;]<\/p>\n","protected":false},"author":1,"featured_media":0,"parent":0,"menu_order":0,"comment_status":"closed","ping_status":"closed","template":"","meta":{"footnotes":""},"class_list":["post-1014","page","type-page","status-publish","hentry"],"_links":{"self":[{"href":"https:\/\/www.idealmalimusavirlik.com\/index.php?rest_route=\/wp\/v2\/pages\/1014","targetHints":{"allow":["GET"]}}],"collection":[{"href":"https:\/\/www.idealmalimusavirlik.com\/index.php?rest_route=\/wp\/v2\/pages"}],"about":[{"href":"https:\/\/www.idealmalimusavirlik.com\/index.php?rest_route=\/wp\/v2\/types\/page"}],"author":[{"embeddable":true,"href":"https:\/\/www.idealmalimusavirlik.com\/index.php?rest_route=\/wp\/v2\/users\/1"}],"replies":[{"embeddable":true,"href":"https:\/\/www.idealmalimusavirlik.com\/index.php?rest_route=%2Fwp%2Fv2%2Fcomments&post=1014"}],"version-history":[{"count":1,"href":"https:\/\/www.idealmalimusavirlik.com\/index.php?rest_route=\/wp\/v2\/pages\/1014\/revisions"}],"predecessor-version":[{"id":1015,"href":"https:\/\/www.idealmalimusavirlik.com\/index.php?rest_route=\/wp\/v2\/pages\/1014\/revisions\/1015"}],"wp:attachment":[{"href":"https:\/\/www.idealmalimusavirlik.com\/index.php?rest_route=%2Fwp%2Fv2%2Fmedia&parent=1014"}],"curies":[{"name":"wp","href":"https:\/\/api.w.org\/{rel}","templated":true}]}}